{"id":81,"date":"2022-08-09T11:20:30","date_gmt":"2022-08-09T14:20:30","guid":{"rendered":"https:\/\/tallerescpeip.ufro.cl\/?page_id=81"},"modified":"2022-10-03T09:52:24","modified_gmt":"2022-10-03T12:52:24","slug":"sedes","status":"publish","type":"page","link":"https:\/\/tallerescpeip.ufro.cl\/?page_id=81","title":{"rendered":"SEDES"},"content":{"rendered":"\t\t<div data-elementor-type=\"wp-page\" data-elementor-id=\"81\" class=\"elementor elementor-81\">\n\t\t\t\t\t\t\t\t\t<section class=\"elementor-section elementor-top-section elementor-element elementor-element-d352adf elementor-section-boxed elementor-section-height-default elementor-section-height-default\" data-id=\"d352adf\" data-element_type=\"section\">\n\t\t\t\t\t\t<div class=\"elementor-container elementor-column-gap-default\">\n\t\t\t\t\t<div class=\"elementor-column elementor-col-50 elementor-top-column elementor-element elementor-element-afe46fc\" data-id=\"afe46fc\" data-element_type=\"column\">\n\t\t\t<div class=\"elementor-widget-wrap elementor-element-populated\">\n\t\t\t\t\t\t\t\t<div class=\"elementor-element elementor-element-d85f223 elementor-widget elementor-widget-image\" data-id=\"d85f223\" data-element_type=\"widget\" data-widget_type=\"image.default\">\n\t\t\t\t<div class=\"elementor-widget-container\">\n\t\t\t<style>\/*! elementor - v3.6.8 - 27-07-2022 *\/\n.elementor-widget-image{text-align:center}.elementor-widget-image a{display:inline-block}.elementor-widget-image a img[src$=\".svg\"]{width:48px}.elementor-widget-image img{vertical-align:middle;display:inline-block}<\/style>\t\t\t\t\t\t\t\t\t\t\t\t<img decoding=\"async\" width=\"732\" height=\"1024\" src=\"https:\/\/tallerescpeip.ufro.cl\/wp-content\/uploads\/2022\/10\/SEDES-GRUPO-1-732x1024.jpg\" class=\"attachment-large size-large\" alt=\"\" loading=\"lazy\" srcset=\"https:\/\/tallerescpeip.ufro.cl\/wp-content\/uploads\/2022\/10\/SEDES-GRUPO-1-732x1024.jpg 732w, https:\/\/tallerescpeip.ufro.cl\/wp-content\/uploads\/2022\/10\/SEDES-GRUPO-1-214x300.jpg 214w, https:\/\/tallerescpeip.ufro.cl\/wp-content\/uploads\/2022\/10\/SEDES-GRUPO-1-768x1074.jpg 768w, https:\/\/tallerescpeip.ufro.cl\/wp-content\/uploads\/2022\/10\/SEDES-GRUPO-1-1098x1536.jpg 1098w, https:\/\/tallerescpeip.ufro.cl\/wp-content\/uploads\/2022\/10\/SEDES-GRUPO-1-1464x2048.jpg 1464w, https:\/\/tallerescpeip.ufro.cl\/wp-content\/uploads\/2022\/10\/SEDES-GRUPO-1-1140x1595.jpg 1140w, https:\/\/tallerescpeip.ufro.cl\/wp-content\/uploads\/2022\/10\/SEDES-GRUPO-1-scaled.jpg 1830w\" sizes=\"(max-width: 732px) 100vw, 732px\" \/>\t\t\t\t\t\t\t\t\t\t\t\t\t\t\t<\/div>\n\t\t\t\t<\/div>\n\t\t\t\t\t<\/div>\n\t\t<\/div>\n\t\t\t\t<div class=\"elementor-column elementor-col-50 elementor-top-column elementor-element elementor-element-ef4edd2\" data-id=\"ef4edd2\" data-element_type=\"column\">\n\t\t\t<div class=\"elementor-widget-wrap elementor-element-populated\">\n\t\t\t\t\t\t\t\t<div class=\"elementor-element elementor-element-6bc72ba elementor-widget elementor-widget-image\" data-id=\"6bc72ba\" data-element_type=\"widget\" data-widget_type=\"image.default\">\n\t\t\t\t<div class=\"elementor-widget-container\">\n\t\t\t\t\t\t\t\t\t\t\t\t\t\t\t<img decoding=\"async\" width=\"754\" height=\"1024\" src=\"https:\/\/tallerescpeip.ufro.cl\/wp-content\/uploads\/2022\/10\/SEDES-GRUPO-2-754x1024.jpg\" class=\"attachment-large size-large\" alt=\"\" loading=\"lazy\" srcset=\"https:\/\/tallerescpeip.ufro.cl\/wp-content\/uploads\/2022\/10\/SEDES-GRUPO-2-754x1024.jpg 754w, https:\/\/tallerescpeip.ufro.cl\/wp-content\/uploads\/2022\/10\/SEDES-GRUPO-2-221x300.jpg 221w, https:\/\/tallerescpeip.ufro.cl\/wp-content\/uploads\/2022\/10\/SEDES-GRUPO-2-768x1042.jpg 768w, https:\/\/tallerescpeip.ufro.cl\/wp-content\/uploads\/2022\/10\/SEDES-GRUPO-2-1132x1536.jpg 1132w, https:\/\/tallerescpeip.ufro.cl\/wp-content\/uploads\/2022\/10\/SEDES-GRUPO-2-1509x2048.jpg 1509w, https:\/\/tallerescpeip.ufro.cl\/wp-content\/uploads\/2022\/10\/SEDES-GRUPO-2-1140x1547.jpg 1140w, https:\/\/tallerescpeip.ufro.cl\/wp-content\/uploads\/2022\/10\/SEDES-GRUPO-2-scaled.jpg 1886w\" sizes=\"(max-width: 754px) 100vw, 754px\" \/>\t\t\t\t\t\t\t\t\t\t\t\t\t\t\t<\/div>\n\t\t\t\t<\/div>\n\t\t\t\t\t<\/div>\n\t\t<\/div>\n\t\t\t\t\t\t\t<\/div>\n\t\t<\/section>\n\t\t\t\t<section class=\"elementor-section elementor-top-section elementor-element elementor-element-41618f4d elementor-section-boxed elementor-section-height-default elementor-section-height-default\" data-id=\"41618f4d\" data-element_type=\"section\">\n\t\t\t\t\t\t<div class=\"elementor-container elementor-column-gap-default\">\n\t\t\t\t\t<div class=\"elementor-column elementor-col-100 elementor-top-column elementor-element elementor-element-66d586c3\" data-id=\"66d586c3\" data-element_type=\"column\">\n\t\t\t<div class=\"elementor-widget-wrap elementor-element-populated\">\n\t\t\t\t\t\t\t\t<div class=\"elementor-element elementor-element-164e23ed elementor-widget elementor-widget-text-editor\" data-id=\"164e23ed\" data-element_type=\"widget\" data-widget_type=\"text-editor.default\">\n\t\t\t\t<div class=\"elementor-widget-container\">\n\t\t\t<style>\/*! elementor - v3.6.8 - 27-07-2022 *\/\n.elementor-widget-text-editor.elementor-drop-cap-view-stacked .elementor-drop-cap{background-color:#818a91;color:#fff}.elementor-widget-text-editor.elementor-drop-cap-view-framed .elementor-drop-cap{color:#818a91;border:3px solid;background-color:transparent}.elementor-widget-text-editor:not(.elementor-drop-cap-view-default) .elementor-drop-cap{margin-top:8px}.elementor-widget-text-editor:not(.elementor-drop-cap-view-default) .elementor-drop-cap-letter{width:1em;height:1em}.elementor-widget-text-editor .elementor-drop-cap{float:left;text-align:center;line-height:1;font-size:50px}.elementor-widget-text-editor .elementor-drop-cap-letter{display:inline-block}<\/style>\t\t\t\t<!-- wp:list {\"type\":\"1\"} -->\n<ul type=\"1\"><li><strong>Angol<\/strong><\/li><li>Renaico<\/li><li>Los Sauces<\/li><li>Lumaco<\/li><li>Traigu\u00e9n<\/li><li>Pur\u00e9n<\/li><li>Collipulli<\/li><\/ul>\n<!-- \/wp:list -->\n\n<!-- wp:list -->\n<ul><li><strong>Imperial<\/strong><\/li><li>Carahue<\/li><li>Teodoro Schmidt<\/li><li>Saavedra<\/li><li>Tolt\u00e9n<\/li><\/ul>\n<!-- \/wp:list -->\n\n<!-- wp:list -->\n<ul><li><strong>Pitrufqu\u00e9n<\/strong><\/li><li>Loncoche<\/li><li>Gorbea<\/li><li>Freire<\/li><\/ul>\n<!-- \/wp:list -->\n\n<!-- wp:list -->\n<ul><li><strong>Temuco I<\/strong><\/li><\/ul>\n<!-- \/wp:list -->\n\n<!-- wp:list -->\n<ul><li><strong>Temuco II<\/strong><\/li><li>Padre Las Casas<\/li><li>Cunco<\/li><li>Melipeuco<\/li><li>Chol Chol<\/li><\/ul>\n<!-- \/wp:list -->\n\n<!-- wp:list -->\n<ul><li><strong>Puc\u00f3n<\/strong><\/li><li>Villarrica <\/li><li>Curarrehue<\/li><\/ul>\n<!-- \/wp:list -->\n\n<!-- wp:list -->\n<ul><li><strong>Lautaro<\/strong><\/li><li>Perquenco<\/li><li>Vilc\u00fan<\/li><li>Galvarino<\/li><\/ul>\n<!-- \/wp:list -->\t\t\t\t\t\t<\/div>\n\t\t\t\t<\/div>\n\t\t\t\t\t<\/div>\n\t\t<\/div>\n\t\t\t\t\t\t\t<\/div>\n\t\t<\/section>\n\t\t\t\t\t\t\t<\/div>\n\t\t","protected":false},"excerpt":{"rendered":"<p>Angol Renaico Los Sauces Lumaco Traigu\u00e9n Pur\u00e9n Collipulli Imperial Carahue Teodoro Schmidt Saavedra Tolt\u00e9n Pitrufqu\u00e9n Loncoche Gorbea Freire Temuco I Temuco II Padre Las Casas Cunco Melipeuco Chol Chol Puc\u00f3n Villarrica Curarrehue Lautaro Perquenco Vilc\u00fan Galvarino<\/p>\n","protected":false},"author":1,"featured_media":0,"parent":0,"menu_order":0,"comment_status":"closed","ping_status":"closed","template":"","meta":[],"_links":{"self":[{"href":"https:\/\/tallerescpeip.ufro.cl\/index.php?rest_route=\/wp\/v2\/pages\/81"}],"collection":[{"href":"https:\/\/tallerescpeip.ufro.cl\/index.php?rest_route=\/wp\/v2\/pages"}],"about":[{"href":"https:\/\/tallerescpeip.ufro.cl\/index.php?rest_route=\/wp\/v2\/types\/page"}],"author":[{"embeddable":true,"href":"https:\/\/tallerescpeip.ufro.cl\/index.php?rest_route=\/wp\/v2\/users\/1"}],"replies":[{"embeddable":true,"href":"https:\/\/tallerescpeip.ufro.cl\/index.php?rest_route=%2Fwp%2Fv2%2Fcomments&post=81"}],"version-history":[{"count":5,"href":"https:\/\/tallerescpeip.ufro.cl\/index.php?rest_route=\/wp\/v2\/pages\/81\/revisions"}],"predecessor-version":[{"id":542,"href":"https:\/\/tallerescpeip.ufro.cl\/index.php?rest_route=\/wp\/v2\/pages\/81\/revisions\/542"}],"wp:attachment":[{"href":"https:\/\/tallerescpeip.ufro.cl\/index.php?rest_route=%2Fwp%2Fv2%2Fmedia&parent=81"}],"curies":[{"name":"wp","href":"https:\/\/api.w.org\/{rel}","templated":true}]}}